{"id":1063,"date":"2021-07-07T18:00:56","date_gmt":"2021-07-07T16:00:56","guid":{"rendered":"https:\/\/madoulajulie.com\/?page_id=1063"},"modified":"2021-07-09T09:34:32","modified_gmt":"2021-07-09T07:34:32","slug":"autres-services","status":"publish","type":"page","link":"https:\/\/madoulajulie.com\/?page_id=1063","title":{"rendered":"Autres Services"},"content":{"rendered":"\t\t<div data-elementor-type=\"wp-page\" data-elementor-id=\"1063\" class=\"elementor elementor-1063\">\n\t\t\t\t\t\t\t\t\t<section class=\"elementor-section elementor-top-section elementor-element elementor-element-ca714af elementor-section-height-min-height elementor-section-content-bottom elementor-section-items-bottom elementor-section-boxed elementor-section-height-default\" data-id=\"ca714af\" data-element_type=\"section\" data-settings=\"{&quot;background_background&quot;:&quot;classic&quot;,&quot;_ha_eqh_enable&quot;:false}\">\n\t\t\t\t\t\t\t<div class=\"elementor-background-overlay\"><\/div>\n\t\t\t\t\t\t\t<div class=\"elementor-container elementor-column-gap-no\">\n\t\t\t\t\t<div class=\"elementor-column elementor-col-100 elementor-top-column elementor-element elementor-element-2d2830d\" data-id=\"2d2830d\" data-element_type=\"column\">\n\t\t\t<div class=\"elementor-widget-wrap elementor-element-populated\">\n\t\t\t\t\t\t\t\t<div class=\"elementor-element elementor-element-4538aff elementor-widget elementor-widget-heading\" data-id=\"4538aff\" data-element_type=\"widget\" data-widget_type=\"heading.default\">\n\t\t\t\t<div class=\"elementor-widget-container\">\n\t\t\t<h6 class=\"elementor-heading-title elementor-size-default\">Comment je vous accompagne<\/h6>\t\t<\/div>\n\t\t\t\t<\/div>\n\t\t\t\t<div class=\"elementor-element elementor-element-ece90bc elementor-widget elementor-widget-heading\" data-id=\"ece90bc\" data-element_type=\"widget\" data-widget_type=\"heading.default\">\n\t\t\t\t<div class=\"elementor-widget-container\">\n\t\t\t<h1 class=\"elementor-heading-title elementor-size-default\">Accompagnements Doula<\/h1>\t\t<\/div>\n\t\t\t\t<\/div>\n\t\t\t\t\t<\/div>\n\t\t<\/div>\n\t\t\t\t\t\t\t<\/div>\n\t\t<\/section>\n\t\t\t\t<section class=\"elementor-section elementor-top-section elementor-element elementor-element-581c8e5 elementor-section-boxed elementor-section-height-default elementor-section-height-default\" data-id=\"581c8e5\" data-element_type=\"section\" data-settings=\"{&quot;background_background&quot;:&quot;classic&quot;,&quot;_ha_eqh_enable&quot;:false}\">\n\t\t\t\t\t\t<div class=\"elementor-container elementor-column-gap-default\">\n\t\t\t\t\t<div class=\"elementor-column elementor-col-100 elementor-top-column elementor-element elementor-element-49efeff\" data-id=\"49efeff\" data-element_type=\"column\">\n\t\t\t<div class=\"elementor-widget-wrap elementor-element-populated\">\n\t\t\t\t\t\t\t\t<div class=\"elementor-element elementor-element-fadbed6 elementor-widget elementor-widget-heading\" data-id=\"fadbed6\" data-element_type=\"widget\" data-widget_type=\"heading.default\">\n\t\t\t\t<div class=\"elementor-widget-container\">\n\t\t\t<h6 class=\"elementor-heading-title elementor-size-medium\">Autres services :<\/h6>\t\t<\/div>\n\t\t\t\t<\/div>\n\t\t\t\t<div class=\"elementor-element elementor-element-6376a8e elementor-widget-divider--view-line elementor-widget elementor-widget-divider\" data-id=\"6376a8e\" data-element_type=\"widget\" data-widget_type=\"divider.default\">\n\t\t\t\t<div class=\"elementor-widget-container\">\n\t\t\t\t\t<div class=\"elementor-divider\">\n\t\t\t<span class=\"elementor-divider-separator\">\n\t\t\t\t\t\t<\/span>\n\t\t<\/div>\n\t\t\t\t<\/div>\n\t\t\t\t<\/div>\n\t\t\t\t\t<\/div>\n\t\t<\/div>\n\t\t\t\t\t\t\t<\/div>\n\t\t<\/section>\n\t\t\t\t<section class=\"elementor-section elementor-top-section elementor-element elementor-element-05505b2 elementor-section-boxed elementor-section-height-default elementor-section-height-default\" data-id=\"05505b2\" data-element_type=\"section\" data-settings=\"{&quot;background_background&quot;:&quot;classic&quot;,&quot;_ha_eqh_enable&quot;:false}\">\n\t\t\t\t\t\t<div class=\"elementor-container elementor-column-gap-no\">\n\t\t\t\t\t<div class=\"elementor-column elementor-col-50 elementor-top-column elementor-element elementor-element-85f5488\" data-id=\"85f5488\" data-element_type=\"column\">\n\t\t\t<div class=\"elementor-widget-wrap elementor-element-populated\">\n\t\t\t\t\t\t\t\t<div class=\"elementor-element elementor-element-536e84c elementor-widget elementor-widget-heading\" data-id=\"536e84c\" data-element_type=\"widget\" data-widget_type=\"heading.default\">\n\t\t\t\t<div class=\"elementor-widget-container\">\n\t\t\t<h6 class=\"elementor-heading-title elementor-size-default\">Le Yoni Steam ou bain de vapeur vaginal<\/h6>\t\t<\/div>\n\t\t\t\t<\/div>\n\t\t\t\t<div class=\"elementor-element elementor-element-32a5114 elementor-widget elementor-widget-image\" data-id=\"32a5114\" data-element_type=\"widget\" data-widget_type=\"image.default\">\n\t\t\t\t<div class=\"elementor-widget-container\">\n\t\t\t\t\t\t\t\t\t\t\t\t\t\t\t\t<a href=\"#\">\n\t\t\t\t\t\t\t<img width=\"880\" height=\"1102\" src=\"https:\/\/madoulajulie.com\/wp-content\/uploads\/2021\/07\/Bain-de-vapeur-vaginale.jpeg\" class=\"attachment-full size-full\" alt=\"\" loading=\"lazy\" srcset=\"https:\/\/madoulajulie.com\/wp-content\/uploads\/2021\/07\/Bain-de-vapeur-vaginale.jpeg 880w, https:\/\/madoulajulie.com\/wp-content\/uploads\/2021\/07\/Bain-de-vapeur-vaginale-240x300.jpeg 240w, https:\/\/madoulajulie.com\/wp-content\/uploads\/2021\/07\/Bain-de-vapeur-vaginale-818x1024.jpeg 818w, https:\/\/madoulajulie.com\/wp-content\/uploads\/2021\/07\/Bain-de-vapeur-vaginale-768x962.jpeg 768w\" sizes=\"(max-width: 880px) 100vw, 880px\" \/>\t\t\t\t\t\t\t\t<\/a>\n\t\t\t\t\t\t\t\t\t\t\t\t\t\t\t<\/div>\n\t\t\t\t<\/div>\n\t\t\t\t\t<\/div>\n\t\t<\/div>\n\t\t\t\t<div class=\"elementor-column elementor-col-50 elementor-top-column elementor-element elementor-element-a83c80e\" data-id=\"a83c80e\" data-element_type=\"column\">\n\t\t\t<div class=\"elementor-widget-wrap elementor-element-populated\">\n\t\t\t\t\t\t\t\t<div class=\"elementor-element elementor-element-5fa99b1 elementor-widget elementor-widget-text-editor\" data-id=\"5fa99b1\" data-element_type=\"widget\" data-widget_type=\"text-editor.default\">\n\t\t\t\t<div class=\"elementor-widget-container\">\n\t\t\t\t\t\t\t<p>La <strong>yoni<\/strong> d\u00e9signe l&#8217;organe <strong>g\u00e9nital<\/strong> <strong>f\u00e9minin<\/strong> (matrice, vagin, vulve). La <strong>yoni<\/strong> est un <strong>temple<\/strong>, la source de la <strong>vie<\/strong>, un <strong>passage<\/strong> <strong>divin<\/strong>. Elle est le symbole de <strong>l&#8217;\u00e9nergie<\/strong> <strong>f\u00e9minine<\/strong>.<\/p><p>Le <strong>Yoni Steam<\/strong> est un <strong>soin<\/strong> typiquement f\u00e9minin, qui traite les parties intime de la <strong>femme<\/strong>. C&#8217;est un <strong>rituel<\/strong> pour prendre soin de soi. La <strong>vapeur<\/strong> du <strong>Yoni Steam<\/strong> permet de relaxer le plancher pelvien, <strong>am\u00e9liorer<\/strong> la circulation sanguine locale, <strong>dilater<\/strong> les vaisseaux sanguins et <strong>favoriser<\/strong> la circulation de l&#8217;oxyg\u00e8ne. Les <strong>huiles<\/strong> <strong>essentielles<\/strong> contenues dans les <strong>plantes<\/strong> p\u00e9n\u00e8trent les tissus des membranes muqueuses et d\u00e9licate de nos parties <strong>intimes<\/strong> <strong>f\u00e9minins<\/strong>.<\/p><p>On l\u2019utilise avant les r\u00e8gles pour <strong>favoriser<\/strong> un bon \u00e9coulement du sang, apr\u00e8s les r\u00e8gles pour un bon <strong>nettoyage<\/strong> de l&#8217;ut\u00e9rus, en <strong>post-partum<\/strong> pour aider la r\u00e9cup\u00e9ration du corps, pendant une \u00e9tape de <strong>changement<\/strong> dans la <strong>vie<\/strong> d&#8217;une <strong>femme<\/strong> pour <strong>soulager<\/strong> ce passage et pour la <strong>gu\u00e9rison<\/strong> d&#8217;un souci <strong>gyn\u00e9cologique<\/strong>.<\/p>\t\t\t\t\t\t<\/div>\n\t\t\t\t<\/div>\n\t\t\t\t<div class=\"elementor-element elementor-element-806ee4f elementor-widget-divider--view-line elementor-widget elementor-widget-divider\" data-id=\"806ee4f\" data-element_type=\"widget\" data-widget_type=\"divider.default\">\n\t\t\t\t<div class=\"elementor-widget-container\">\n\t\t\t\t\t<div class=\"elementor-divider\">\n\t\t\t<span class=\"elementor-divider-separator\">\n\t\t\t\t\t\t<\/span>\n\t\t<\/div>\n\t\t\t\t<\/div>\n\t\t\t\t<\/div>\n\t\t\t\t<div class=\"elementor-element elementor-element-c2be454 elementor-widget elementor-widget-heading\" data-id=\"c2be454\" data-element_type=\"widget\" data-widget_type=\"heading.default\">\n\t\t\t\t<div class=\"elementor-widget-container\">\n\t\t\t<h5 class=\"elementor-heading-title elementor-size-default\"><a href=\"#\">\u00c0 domicile\u200b<\/a><\/h5>\t\t<\/div>\n\t\t\t\t<\/div>\n\t\t\t\t<div class=\"elementor-element elementor-element-b258025 elementor-widget elementor-widget-text-editor\" data-id=\"b258025\" data-element_type=\"widget\" data-widget_type=\"text-editor.default\">\n\t\t\t\t<div class=\"elementor-widget-container\">\n\t\t\t\t\t\t\t<ul><li><strong>R\u00e9duire<\/strong> les crampes menstruelles et r\u00e9gule les menstruations<\/li><li><strong>Am\u00e9liore<\/strong>\u00a0la fertilit\u00e9<\/li><li><strong>Am\u00e9liore<\/strong> la circulation<\/li><li><span style=\"font-size: 16px;\">D\u00e9loge les d\u00e9p\u00f4ts ut\u00e9rins de vieux sang<\/span><\/li><li><span style=\"font-size: 16px;\"><strong>Aide<\/strong> \u00e0 la <strong>gu\u00e9rison<\/strong> des fibromes, kyste, prolapsus, endom\u00e9triose, etc.<\/span><\/li><li><span style=\"font-size: 16px;\"><strong>Contribue<\/strong> au maintien d&#8217;une flore vaginale saine<\/span><\/li><li><span style=\"font-size: 16px;\"><strong>Aide<\/strong> la <strong>gu\u00e9rison<\/strong> des h\u00e9morro\u00efdes<\/span><\/li><li><span style=\"font-size: 16px;\">Donne <strong>chaleur<\/strong> et revigore le <strong>plaisir<\/strong>.<br \/><\/span><span style=\"font-size: 16px;\"><br \/><strong>Prix 80.-<\/strong><\/span><\/li><\/ul>\t\t\t\t\t\t<\/div>\n\t\t\t\t<\/div>\n\t\t\t\t\t<\/div>\n\t\t<\/div>\n\t\t\t\t\t\t\t<\/div>\n\t\t<\/section>\n\t\t\t\t<section class=\"elementor-section elementor-top-section elementor-element elementor-element-c28db3d elementor-section-boxed elementor-section-height-default elementor-section-height-default\" data-id=\"c28db3d\" data-element_type=\"section\" data-settings=\"{&quot;background_background&quot;:&quot;classic&quot;,&quot;_ha_eqh_enable&quot;:false}\">\n\t\t\t\t\t\t<div class=\"elementor-container elementor-column-gap-default\">\n\t\t\t\t\t<div class=\"elementor-column elementor-col-100 elementor-top-column elementor-element elementor-element-5a3b857\" data-id=\"5a3b857\" data-element_type=\"column\">\n\t\t\t<div class=\"elementor-widget-wrap elementor-element-populated\">\n\t\t\t\t\t\t\t\t<div class=\"elementor-element elementor-element-d6b3a95 elementor-widget elementor-widget-image\" data-id=\"d6b3a95\" data-element_type=\"widget\" data-widget_type=\"image.default\">\n\t\t\t\t<div class=\"elementor-widget-container\">\n\t\t\t\t\t\t\t\t\t\t\t\t\t\t\t<img src=\"https:\/\/madoulajulie.com\/wp-content\/uploads\/elementor\/thumbs\/twint_logo_q_pos_rgb-p9rtth4w16tjwrs7g5l8rtnti8py0fd7w3c00pb7ss.png\" title=\"twint_logo_q_pos_rgb\" alt=\"twint_logo_q_pos_rgb\" \/>\t\t\t\t\t\t\t\t\t\t\t\t\t\t\t<\/div>\n\t\t\t\t<\/div>\n\t\t\t\t<div class=\"elementor-element elementor-element-e09f170 elementor-widget elementor-widget-text-editor\" data-id=\"e09f170\" data-element_type=\"widget\" data-widget_type=\"text-editor.default\">\n\t\t\t\t<div class=\"elementor-widget-container\">\n\t\t\t\t\t\t\t<p><strong>J&#8217;accepte TWINT pour les r\u00e8glements !<\/strong><\/p>\t\t\t\t\t\t<\/div>\n\t\t\t\t<\/div>\n\t\t\t\t\t<\/div>\n\t\t<\/div>\n\t\t\t\t\t\t\t<\/div>\n\t\t<\/section>\n\t\t\t\t<section class=\"elementor-section elementor-top-section elementor-element elementor-element-494a4f0 elementor-section-boxed elementor-section-height-default elementor-section-height-default\" data-id=\"494a4f0\" data-element_type=\"section\" data-settings=\"{&quot;background_background&quot;:&quot;classic&quot;,&quot;_ha_eqh_enable&quot;:false}\">\n\t\t\t\t\t\t\t<div class=\"elementor-background-overlay\"><\/div>\n\t\t\t\t\t\t\t<div class=\"elementor-container elementor-column-gap-no\">\n\t\t\t\t\t<div class=\"elementor-column elementor-col-100 elementor-top-column elementor-element elementor-element-5d72112c\" data-id=\"5d72112c\" data-element_type=\"column\">\n\t\t\t<div class=\"elementor-widget-wrap elementor-element-populated\">\n\t\t\t\t\t\t\t\t<div class=\"elementor-element elementor-element-70461e25 elementor-widget elementor-widget-heading\" data-id=\"70461e25\" data-element_type=\"widget\" data-widget_type=\"heading.default\">\n\t\t\t\t<div class=\"elementor-widget-container\">\n\t\t\t<h6 class=\"elementor-heading-title elementor-size-default\">Besoin d'une doula ?<\/h6>\t\t<\/div>\n\t\t\t\t<\/div>\n\t\t\t\t<div class=\"elementor-element elementor-element-37253159 elementor-widget elementor-widget-heading\" data-id=\"37253159\" data-element_type=\"widget\" data-widget_type=\"heading.default\">\n\t\t\t\t<div class=\"elementor-widget-container\">\n\t\t\t<h2 class=\"elementor-heading-title elementor-size-default\">N'attendez plus & rencontrons nous.<\/h2>\t\t<\/div>\n\t\t\t\t<\/div>\n\t\t\t\t<div class=\"elementor-element elementor-element-28d9f862 elementor-align-center elementor-widget elementor-widget-button\" data-id=\"28d9f862\" data-element_type=\"widget\" data-widget_type=\"button.default\">\n\t\t\t\t<div class=\"elementor-widget-container\">\n\t\t\t\t\t<div class=\"elementor-button-wrapper\">\n\t\t\t<a href=\"https:\/\/madoulajulie.com\/?page_id=386\" class=\"elementor-button-link elementor-button elementor-size-sm\" role=\"button\">\n\t\t\t\t\t\t<span class=\"elementor-button-content-wrapper\">\n\t\t\t\t\t\t<span class=\"elementor-button-text\">\u00e0 la rencontre d'une doula<\/span>\n\t\t<\/span>\n\t\t\t\t\t<\/a>\n\t\t<\/div>\n\t\t\t\t<\/div>\n\t\t\t\t<\/div>\n\t\t\t\t\t<\/div>\n\t\t<\/div>\n\t\t\t\t\t\t\t<\/div>\n\t\t<\/section>\n\t\t\t\t\t\t\t<\/div>\n\t\t","protected":false},"excerpt":{"rendered":"<p>Comment je vous accompagne Accompagnements Doula Autres services : Le Yoni Steam ou bain de vapeur vaginal La yoni d\u00e9signe l&#8217;organe g\u00e9nital f\u00e9minin (matrice, vagin, vulve). La yoni est un temple, la source de la vie, un passage divin. Elle est le symbole de l&#8217;\u00e9nergie f\u00e9minine. Le Yoni Steam est un soin typiquement f\u00e9minin, qui &hellip;<\/p>\n<p class=\"read-more\"> <a class=\"\" href=\"https:\/\/madoulajulie.com\/?page_id=1063\"> <span class=\"screen-reader-text\">Autres Services<\/span> Lire la suite\u00a0\u00bb<\/a><\/p>\n","protected":false},"author":1,"featured_media":0,"parent":0,"menu_order":0,"comment_status":"closed","ping_status":"closed","template":"","meta":{"site-sidebar-layout":"no-sidebar","site-content-layout":"page-builder","ast-global-header-display":"","ast-main-header-display":"","ast-hfb-above-header-display":"","ast-hfb-below-header-display":"","ast-hfb-mobile-header-display":"","site-post-title":"disabled","ast-breadcrumbs-content":"disabled","ast-featured-img":"disabled","footer-sml-layout":"","theme-transparent-header-meta":"enabled","adv-header-id-meta":"","stick-header-meta":"","header-above-stick-meta":"","header-main-stick-meta":"","header-below-stick-meta":""},"_links":{"self":[{"href":"https:\/\/madoulajulie.com\/index.php?rest_route=\/wp\/v2\/pages\/1063"}],"collection":[{"href":"https:\/\/madoulajulie.com\/index.php?rest_route=\/wp\/v2\/pages"}],"about":[{"href":"https:\/\/madoulajulie.com\/index.php?rest_route=\/wp\/v2\/types\/page"}],"author":[{"embeddable":true,"href":"https:\/\/madoulajulie.com\/index.php?rest_route=\/wp\/v2\/users\/1"}],"replies":[{"embeddable":true,"href":"https:\/\/madoulajulie.com\/index.php?rest_route=%2Fwp%2Fv2%2Fcomments&post=1063"}],"version-history":[{"count":10,"href":"https:\/\/madoulajulie.com\/index.php?rest_route=\/wp\/v2\/pages\/1063\/revisions"}],"predecessor-version":[{"id":1108,"href":"https:\/\/madoulajulie.com\/index.php?rest_route=\/wp\/v2\/pages\/1063\/revisions\/1108"}],"wp:attachment":[{"href":"https:\/\/madoulajulie.com\/index.php?rest_route=%2Fwp%2Fv2%2Fmedia&parent=1063"}],"curies":[{"name":"wp","href":"https:\/\/api.w.org\/{rel}","templated":true}]}}